{"id":409,"date":"2020-09-10T06:53:58","date_gmt":"2020-09-10T06:53:58","guid":{"rendered":"https:\/\/www.distritoderma.com.mx\/derma\/index.php\/home\/"},"modified":"2025-12-19T10:49:27","modified_gmt":"2025-12-19T16:49:27","slug":"home","status":"publish","type":"page","link":"https:\/\/www.distritoderma.com.mx\/","title":{"rendered":"Home"},"content":{"rendered":"\t\t<div data-elementor-type=\"wp-page\" data-elementor-id=\"409\" class=\"elementor elementor-409\">\n\t\t\t\t<div class=\"elementor-element elementor-element-6e2f6740 e-flex e-con-boxed e-con e-parent\" data-id=\"6e2f6740\" data-element_type=\"container\">\n\t\t\t\t\t<div class=\"e-con-inner\">\n\t\t\t\t<div class=\"elementor-element elementor-element-e1348ea elementor-widget elementor-widget-text-editor\" data-id=\"e1348ea\" data-element_type=\"widget\" data-widget_type=\"text-editor.default\">\n\t\t\t\t<div class=\"elementor-widget-container\">\n\t\t\t\t\t\t\t\t\t\n<div class=\"wp-block-uagb-container uagb-block-277a6000 default uagb-is-root-container\">\n<div class=\"wp-block-uagb-container uagb-block-ffde3b50\">\n<div class=\"wp-block-uagb-container uagb-block-a719ea86\">\n<div data-aos= \"fade\" data-aos-duration=\"400\" data-aos-delay=\"0\" data-aos-easing=\"ease\" data-aos-once=\"true\" id=\"home\" class=\"wp-block-uagb-container uagb-block-4741146c alignfull uagb-is-root-container\">\n<div class=\"wp-block-uagb-container uagb-block-22006212\">\n<div class=\"wp-block-uagb-advanced-heading uagb-block-5dff5586\">\n<h2 class=\"uagb-heading-text\">Centro dermatol\u00f3gico con<\/h2>\n<div class=\"uagb-separator\">\u00a0<\/div>\n<\/div>\n\n<div class=\"wp-block-uagb-advanced-heading uagb-block-5ec14308\">\n<h1 class=\"uagb-heading-text\">M\u00e1s de 15 a\u00f1os de experiencia.<\/h1>\n<\/div>\n\n<p>\u00a0<\/p>\n\n<p class=\"has-text-align-right has-ast-global-color-7-color has-text-color has-link-color has-small-font-size wp-elements-9a0f5f3b9ff1449dedc3e8585f7ed439\">COFEPRIS 2524012002A00488<\/p>\n<\/div>\n<\/div>\n<\/div>\n<\/div>\n<\/div>\n\n<div class=\"wp-block-uagb-container uagb-block-e5cc711f alignfull uagb-is-root-container\">\n<div class=\"uagb-container-inner-blocks-wrap\">\n<div class=\"wp-block-uagb-advanced-heading uagb-block-e2344a42\">\n<h2 class=\"uagb-heading-text\">Especialistas en enfermedades de la piel\u200b<\/h2>\n<div class=\"uagb-separator\">\u00a0<\/div>\n<p class=\"uagb-desc-text\">Especialistas en el tratamiento de enfermedades de la piel, mucosas, pelo y u\u00f1as.<\/p>\n<\/div>\n<\/div>\n<\/div>\n\n<div id=\"about\" class=\"wp-block-uagb-container uagb-block-022e4851 alignfull uagb-is-root-container\">\n<div class=\"uagb-container-inner-blocks-wrap\">\n<div class=\"wp-block-uagb-container uagb-block-e9f98931\">\n<div class=\"wp-block-uagb-image uagb-block-6fe9a579 wp-block-uagb-image--layout-default wp-block-uagb-image--effect-static wp-block-uagb-image--align-none\">\n<figure class=\"wp-block-uagb-image__figure\"><img fetchpriority=\"high\" decoding=\"async\" class=\"uag-image-821\" title=\"\" role=\"img\" src=\"https:\/\/www.distritoderma.com.mx\/wp-content\/uploads\/2023\/09\/derma_3.jpg\" sizes=\"(max-width: 480px) 150px\" srcset=\"https:\/\/www.distritoderma.com.mx\/wp-content\/uploads\/2023\/09\/derma_3.jpg ,https:\/\/www.distritoderma.com.mx\/wp-content\/uploads\/2023\/09\/derma_3.jpg 780w, https:\/\/www.distritoderma.com.mx\/wp-content\/uploads\/2023\/09\/derma_3.jpg 360w\" alt=\"\" width=\"500\" height=\"600\" \/><\/figure>\n<\/div>\n\n<div class=\"wp-block-uagb-image alignright uagb-block-dec73cc5 wp-block-uagb-image--layout-default wp-block-uagb-image--effect-static wp-block-uagb-image--align-right\">\n<figure class=\"wp-block-uagb-image__figure\"><img decoding=\"async\" class=\"uag-image-822\" title=\"\" role=\"img\" src=\"https:\/\/www.distritoderma.com.mx\/wp-content\/uploads\/2023\/09\/derma_4-576x1024.jpg\" sizes=\"(max-width: 480px) 150px\" srcset=\"https:\/\/www.distritoderma.com.mx\/wp-content\/uploads\/2023\/09\/derma_4-576x1024.jpg ,https:\/\/www.distritoderma.com.mx\/wp-content\/uploads\/2023\/09\/derma_4.jpg 780w, https:\/\/www.distritoderma.com.mx\/wp-content\/uploads\/2023\/09\/derma_4.jpg 360w\" alt=\"\" width=\"169\" height=\"300\" \/><\/figure>\n<\/div>\n<\/div>\n\n<div class=\"wp-block-uagb-container uagb-block-fa6dac93\">\n<div id=\"about\" class=\"wp-block-uagb-info-box uagb-block-0ba85773 uagb-infobox__content-wrap  uagb-infobox-icon-above-title uagb-infobox-image-valign-top\">\n<div class=\"uagb-ifb-content\">\n<div class=\"uagb-ifb-title-wrap\">\n<h2 class=\"uagb-ifb-title\">Nosotros<\/h2>\n<\/div>\n<div class=\"uagb-ifb-separator\">\u00a0<\/div>\n<p class=\"uagb-ifb-desc\">Somos un centro dermatol\u00f3gico donde la salud y el cuidado de tu piel son nuestra pasi\u00f3n desde hace m\u00e1s de 15 a\u00f1os. <br \/><br \/>Somos l\u00edderes en atenci\u00f3n dermatol\u00f3gica en San Luis Potos\u00ed y Ciudad Valles. Nuestra dedicaci\u00f3n a la excelencia nos ha convertido en un referente en el campo de la dermatolog\u00eda en la zona del bajio y zona huasteca del pa\u00eds.<br \/><br \/>Nuestro compromiso es proporcionarte un tratamiento personalizado y de alta calidad para abordar tus necesidades dermatol\u00f3gicas \u00fanicas. Con un equipo de dermat\u00f3logos altamente calificados y tecnolog\u00eda de vanguardia, estamos para ayudarte a lograr la piel saludable y radiante que mereces.<\/p>\n<div class=\"uagb-ifb-button-wrapper uagb-ifb-button-type-text wp-block-button\"><a class=\"uagb-infobox-cta-link wp-block-button__link\" href=\"#\" target=\"_self\" rel=\"noopener noreferrer\"><span class=\"uagb-inline-editing\">M\u00e1s informaci\u00f3n<\/span><\/a><\/div>\n<\/div>\n<\/div>\n<\/div>\n<\/div>\n<\/div>\n\n<div class=\"wp-block-uagb-container uagb-block-c854d785 alignfull uagb-is-root-container\">\n<div class=\"uagb-container-inner-blocks-wrap\">\n<div data-aos= \"slide-up\" data-aos-duration=\"400\" data-aos-delay=\"0\" data-aos-easing=\"ease\" data-aos-once=\"true\" class=\"wp-block-uagb-container uagb-block-1af7d822\">\n<div class=\"wp-block-uagb-container uagb-block-7ecc3546\">\n<div class=\"wp-block-uagb-advanced-heading uagb-block-0b9f45a6\">\n<h4 class=\"uagb-heading-text\">Atenci\u00f3n a pacientes y agendar por llamada\u200b San Luis Potos\u00ed<\/h4>\n<p class=\"uagb-desc-text\">Horario de Lunes a viernes de 10:00 a 20:00 hrs. S\u00e1bados de 09:00 a 14:00 hrs<\/p>\n<\/div>\n<\/div>\n\n<div class=\"wp-block-uagb-container uagb-block-a12f3337\">\n<div class=\"wp-block-uagb-buttons uagb-buttons__outer-wrap uagb-btn__default-btn uagb-btn-tablet__default-btn uagb-btn-mobile__default-btn uagb-block-1402d9bd\">\n<div class=\"uagb-buttons__wrap uagb-buttons-layout-wrap \">\n<div class=\"wp-block-uagb-buttons-child uagb-buttons__outer-wrap uagb-block-e2f936e1 wp-block-button is-style-outline\">\n<div class=\"uagb-button__wrapper\">\n<div class=\"uagb-button__link\">(444) 813-4288<\/div>\n<\/div>\n<\/div>\n<\/div>\n<\/div>\n\n<div class=\"wp-block-uagb-buttons uagb-buttons__outer-wrap uagb-btn__default-btn uagb-btn-tablet__default-btn uagb-btn-mobile__default-btn uagb-block-b3ecd518\">\n<div class=\"uagb-buttons__wrap uagb-buttons-layout-wrap \">\n<div class=\"wp-block-uagb-buttons-child uagb-buttons__outer-wrap uagb-block-8cd6addd wp-block-button is-style-outline\">\n<div class=\"uagb-button__wrapper\">\n<div class=\"uagb-button__link\">(444) 847-1468<\/div>\n<\/div>\n<\/div>\n<\/div>\n<\/div>\n<\/div>\n<\/div>\n\n<div data-aos= \"slide-up\" data-aos-duration=\"400\" data-aos-delay=\"0\" data-aos-easing=\"ease\" data-aos-once=\"true\" class=\"wp-block-uagb-container uagb-block-e315766d\">\n<div class=\"wp-block-uagb-container uagb-block-0516bb44\">\n<div class=\"wp-block-uagb-advanced-heading uagb-block-c573451c\">\n<h4 class=\"uagb-heading-text\">Atenci\u00f3n a pacientes y agendar por llamada\u200b Cd. Valles<\/h4>\n<p class=\"uagb-desc-text\">Horario de Lunes a viernes de 10:00 a 20:00 hrs. S\u00e1bados de 09:00 a 14:00 hrs<\/p>\n<\/div>\n<\/div>\n\n<div class=\"wp-block-uagb-container uagb-block-2c8f7a82\">\n<div class=\"wp-block-uagb-buttons uagb-buttons__outer-wrap uagb-btn__default-btn uagb-btn-tablet__default-btn uagb-btn-mobile__default-btn uagb-block-8e00d50e\">\n<div class=\"uagb-buttons__wrap uagb-buttons-layout-wrap \">\n<div class=\"wp-block-uagb-buttons-child uagb-buttons__outer-wrap uagb-block-0e41b3b3 wp-block-button is-style-outline\">\n<div class=\"uagb-button__wrapper\">\n<div class=\"uagb-button__link\">(481) 111-9439<\/div>\n<\/div>\n<\/div>\n<\/div>\n<\/div>\n<\/div>\n<\/div>\n<\/div>\n<\/div>\n\n<div id=\"team\" class=\"wp-block-uagb-advanced-heading uagb-block-01d054e3\">\n<h2 class=\"uagb-heading-text\">Nuestros especialistas<\/h2>\n<div class=\"uagb-separator\">\u00a0<\/div>\n<\/div>\n\n<div id=\"procedures\" class=\"wp-block-uagb-container uagb-block-bab325b7 alignfull uagb-is-root-container\">\n<div class=\"uagb-container-inner-blocks-wrap\">\n<div class=\"wp-block-columns is-layout-flex wp-container-core-columns-is-layout-28f84493 wp-block-columns-is-layout-flex\">\n<div class=\"wp-block-column is-layout-flow wp-block-column-is-layout-flow\">\n<figure class=\"wp-block-image aligncenter size-full is-resized has-custom-border is-style-default\"><img decoding=\"async\" width=\"249\" height=\"332\" class=\"wp-image-827\" style=\"border-style: none; border-width: 0px; border-radius: 0px; width: 295px; height: 393px;\" src=\"https:\/\/www.distritoderma.com.mx\/wp-content\/uploads\/2023\/09\/ima-dr-ramiro.jpg\" alt=\"\" srcset=\"https:\/\/www.distritoderma.com.mx\/wp-content\/uploads\/2023\/09\/ima-dr-ramiro.jpg 249w, https:\/\/www.distritoderma.com.mx\/wp-content\/uploads\/2023\/09\/ima-dr-ramiro-225x300.jpg 225w\" sizes=\"(max-width: 249px) 100vw, 249px\" \/><\/figure>\n\n<div data-aos= \"fade\" data-aos-duration=\"400\" data-aos-delay=\"0\" data-aos-easing=\"ease\" data-aos-once=\"true\" class=\"wp-block-uagb-marketing-button uagb-marketing-btn__align-center uagb-marketing-btn__align-text-center uagb-marketing-btn__icon-after uagb-block-53471461 wp-block-button\"><a class=\"uagb-marketing-btn__link wp-block-button__link\" href=\"https:\/\/www.doctoralia.com.mx\/ramiro-gomez-villa\/dermatologo\/san-luis-potosi\" target=\"_blank\" rel=\"noopener noreferrer\"><span class=\"uagb-marketing-btn__title\">Agenda una cita ahora<\/span><\/a><\/div>\n\n<div data-aos= \"fade\" data-aos-duration=\"400\" data-aos-delay=\"0\" data-aos-easing=\"ease\" data-aos-once=\"true\" class=\"wp-block-uagb-marketing-button uagb-marketing-btn__align-center uagb-marketing-btn__align-text-center uagb-marketing-btn__icon-after uagb-block-e61205b5 wp-block-button\"><a class=\"uagb-marketing-btn__link wp-block-button__link\" href=\"https:\/\/wa.link\/ghh4pb\" target=\"_blank\" rel=\"noopener noreferrer\"><span class=\"uagb-marketing-btn__title\">Agenda una cita ahora<\/span><\/a><\/div>\n<\/div>\n\n<div class=\"wp-block-column is-layout-flow wp-block-column-is-layout-flow\">\n<h1 class=\"wp-block-heading has-large-font-size\">DR. RAMIRO G\u00d3MEZ VILLA<\/h1>\n\n<ul class=\"wp-block-list\">\n<li class=\"has-small-font-size\">M\u00e9dico Cirujano por la Universidad Aut\u00f3noma de San Luis Potos\u00ed. C.P. 5184961.<\/li>\n\n<li class=\"has-small-font-size\">Especialidad en Dermatolog\u00eda por la Universidad Nacional Aut\u00f3noma de M\u00e9xico y el Hospital General \u201cDr. Manuel Gea Gonz\u00e1lez\u201d. C.E. 7449176.<\/li>\n\n<li class=\"has-small-font-size\">Certificado por Consejo Mexicano de Dermatolog\u00eda.<\/li>\n\n<li class=\"has-small-font-size\">Miembro de la Academia Mexicana de Dermatolog\u00eda.<\/li>\n\n<li class=\"has-small-font-size\">Miembro de la Asociaci\u00f3n Mexicana para el Cuidado Integral y Cicatrizaci\u00f3n de Heridas y del Comit\u00e9 de Investigaci\u00f3n.<\/li>\n<\/ul>\n\n<p class=\"has-small-font-size\">El Dr. Ramiro G\u00f3mez Villa es especialista en el tratamiento de<\/p>\n\n<ul class=\"wp-block-list\">\n<li class=\"has-small-font-size\">Enfermedades de la piel (acn\u00e9, lunares, verrugas, manchas de piel, infecciones cut\u00e1neas, cicatrices, alergias y piel sensible, cirug\u00eda de piel).<\/li>\n\n<li class=\"has-small-font-size\">Pelo (caspa, ca\u00edda de cabello).<\/li>\n\n<li class=\"has-small-font-size\">U\u00f1as (hongos, u\u00f1as enterradas, tumores de u\u00f1as).<\/li>\n\n<li class=\"has-small-font-size\">Cirug\u00eda y tratamiento de c\u00e1ncer de piel.<\/li>\n\n<li class=\"has-small-font-size\">Manejo Avanzado de Heridas Cr\u00f3nicas (\u00falceras que no cierran, \u00falceras venosas, mordeduras).<\/li>\n<\/ul>\n\n<p class=\"has-small-font-size\">Adem\u00e1s brinda atenci\u00f3n cosm\u00e9tica para rejuvenecimiento facial, \u201cpeelings\u201d, aplicaci\u00f3n de toxina botul\u00ednica (botox) y rellenos.<\/p>\n<\/div>\n<\/div>\n<\/div>\n<\/div>\n\n<div id=\"procedures\" class=\"wp-block-uagb-container uagb-block-a09bf630 alignfull uagb-is-root-container\">\n<div class=\"uagb-container-inner-blocks-wrap\">\n<div class=\"wp-block-uagb-container uagb-block-34dd91f4\">\n<div class=\"wp-block-columns is-layout-flex wp-container-core-columns-is-layout-28f84493 wp-block-columns-is-layout-flex\">\n<div class=\"wp-block-column is-layout-flow wp-block-column-is-layout-flow\">\n<h1 class=\"wp-block-heading has-large-font-size\">DR. SERGIO M. MERCADO CEJA<\/h1>\n\n<ul class=\"wp-block-list\">\n<li class=\"has-small-font-size\">M\u00e9dico cirujano por la Universidad Aut\u00f3noma de San Luis Potos\u00ed. C.P. 5069500.<\/li>\n\n<li class=\"has-small-font-size\">Especialidad en Dermatolog\u00eda por la Universidad Nacional Aut\u00f3noma de M\u00e9xico, Hospital General Dr. Manuel Gea Gonz\u00e1lez, \u00a0C.E. 7237743.\u00a0<\/li>\n\n<li class=\"has-small-font-size\">Diplomado en Tricolog\u00eda por el Colegio Ibero-latinoamericano de dermatolog\u00eda.<\/li>\n\n<li class=\"has-small-font-size\">Diplomado en Dermatolog\u00eda Cosm\u00e9tica por el CDT.<\/li>\n\n<li class=\"has-small-font-size\">Maestr\u00eda en Patolog\u00eda Cut\u00e1nea Avanzada, especialista en Melanoma, c\u00e1ncer de piel, seguimiento digital de lesiones pigmentadas, microscopia confocal por la Universidad de Barcelona.<\/li>\n\n<li class=\"has-small-font-size\">Certificado por el consejo Mexicano de Dermatolog\u00eda.<\/li>\n\n<li class=\"has-small-font-size\">Miembro de la Academia Mexicana de Dermatolog\u00eda,<\/li>\n\n<li class=\"has-small-font-size\">European Academy of Dermatology and Venereology EADV, de la Sociedad Mexicana de Dermatolog\u00eda Cosm\u00e9tica Laser y pelo, de la International Dermoscopy Society y del Colegio Mexicano de Dermatoscopia e Imagen cut\u00e1nea.<\/li>\n<\/ul>\n\n<p class=\"has-small-font-size\">Especialista en el tratamiento de manchas de la piel, acn\u00e9 leve y severo, piel sensible, enfermedades infecciosas de la piel enfermedades del pelo, prevenci\u00f3n y tratamiento especializado de la ca\u00edda del pelo en hombres y mujeres, mesoterapia capilar, tratamiento especializado de cicatrices, Tratamientos con tecnolog\u00eda avanzada (Laser CO2 fraccionado, Laser Yag QSwitch, Radiofrecuencia fraccionada, Trilaser para depilacion avanzada), Aplicaci\u00f3n avanzada de toxina botul\u00ednica (\u201cBotox\u201d), aplicaci\u00f3n de rellenos faciales, Sculptra.<\/p>\n<\/div>\n\n<div class=\"wp-block-column is-layout-flow wp-block-column-is-layout-flow\">\n<figure class=\"wp-block-image aligncenter size-full is-resized\"><img loading=\"lazy\" decoding=\"async\" width=\"249\" height=\"332\" class=\"wp-image-830\" style=\"width: 293px; height: 390px;\" src=\"https:\/\/www.distritoderma.com.mx\/wp-content\/uploads\/2023\/09\/ima-dr-sergio.jpg\" alt=\"\" srcset=\"https:\/\/www.distritoderma.com.mx\/wp-content\/uploads\/2023\/09\/ima-dr-sergio.jpg 249w, https:\/\/www.distritoderma.com.mx\/wp-content\/uploads\/2023\/09\/ima-dr-sergio-225x300.jpg 225w\" sizes=\"(max-width: 249px) 100vw, 249px\" \/><\/figure>\n\n<div data-aos= \"fade\" data-aos-duration=\"400\" data-aos-delay=\"0\" data-aos-easing=\"ease\" data-aos-once=\"true\" class=\"wp-block-uagb-marketing-button uagb-marketing-btn__align-center uagb-marketing-btn__align-text-center uagb-marketing-btn__icon-after uagb-block-01d12207 wp-block-button\"><a class=\"uagb-marketing-btn__link wp-block-button__link\" href=\"https:\/\/www.doctoralia.com.mx\/sergio-mercado-ceja\/dermatologo\/san-luis-potosi\" target=\"_blank\" rel=\"noopener noreferrer\"><span class=\"uagb-marketing-btn__title\">Agenda una cita<\/span><\/a><\/div>\n\n<div data-aos= \"fade\" data-aos-duration=\"400\" data-aos-delay=\"0\" data-aos-easing=\"ease\" data-aos-once=\"true\" class=\"wp-block-uagb-marketing-button uagb-marketing-btn__align-center uagb-marketing-btn__align-text-center uagb-marketing-btn__icon-after uagb-block-18b78aed wp-block-button\"><a class=\"uagb-marketing-btn__link wp-block-button__link\" href=\"https:\/\/wa.link\/p1hckn\" target=\"_blank\" rel=\"noopener noreferrer\"><span class=\"uagb-marketing-btn__title\">Agenda una cita<\/span><\/a><\/div>\n<\/div>\n<\/div>\n<\/div>\n\n<div data-aos= \"fade-up\" data-aos-duration=\"400\" data-aos-delay=\"0\" data-aos-easing=\"ease\" data-aos-once=\"true\" class=\"wp-block-uagb-container uagb-block-5cdbf063\">\n<div class=\"wp-block-uagb-container uagb-block-58ae756a\">\n<div class=\"wp-block-uagb-info-box uagb-block-e3849876 uagb-infobox__content-wrap  uagb-infobox-icon-above-title uagb-infobox-image-valign-top\">\n<div class=\"uagb-ifb-content\">\n<div class=\"uagb-ifb-title-wrap\">\n<h6 class=\"uagb-ifb-title\">Detecci\u00f3n Precoz del C\u00e1ncer de Piel<\/h6>\n<\/div>\n<\/div>\n<\/div>\n<\/div>\n\n<div class=\"wp-block-uagb-container uagb-block-96a75d53\">\n<div class=\"wp-block-uagb-info-box uagb-block-e27ab12c uagb-infobox__content-wrap  uagb-infobox-icon-above-title uagb-infobox-image-valign-top\">\n<div class=\"uagb-ifb-content\">\n<div class=\"uagb-ifb-title-wrap\">\n<h6 class=\"uagb-ifb-title\">Cirug\u00eda de la Piel<\/h6>\n<\/div>\n<\/div>\n<\/div>\n<\/div>\n\n<div class=\"wp-block-uagb-container uagb-block-6cf405f9\">\n<div class=\"wp-block-uagb-info-box uagb-block-0e31e0ab uagb-infobox__content-wrap  uagb-infobox-icon-above-title uagb-infobox-image-valign-top\">\n<div class=\"uagb-ifb-content\">\n<div class=\"uagb-ifb-title-wrap\">\n<h6 class=\"uagb-ifb-title\">Enfermedades del Cabello y de las U\u00f1as<\/h6>\n<\/div>\n<\/div>\n<\/div>\n<\/div>\n<\/div>\n<\/div>\n<\/div>\n\n<div class=\"wp-block-uagb-container uagb-block-4ea0e1fd alignfull uagb-is-root-container\">\n<div class=\"uagb-container-inner-blocks-wrap\">\n<div id=\"location\" class=\"wp-block-uagb-info-box uagb-block-7c9212f5 uagb-infobox__content-wrap  uagb-infobox-icon-above-title uagb-infobox-image-valign-top\">\n<div class=\"uagb-ifb-content\">\n<div class=\"uagb-ifb-icon-wrap\">\u00a0<\/div>\n<div class=\"uagb-ifb-title-wrap\">\n<h2 class=\"uagb-ifb-title\">Ubicaci\u00f3n San Luis Potos\u00ed\u200b<\/h2>\n<\/div>\n<div class=\"uagb-ifb-separator\">\u00a0<\/div>\n<p class=\"uagb-ifb-desc\">Fco. Eduardo Tres Guerras 110, De Tequisquiapan, San Luis Potosi. S.L.P. C.P. 78233. Tel (444) 813-4288<\/p>\n<div class=\"uagb-ifb-button-wrapper wp-block-button\"><a class=\"uagb-infobox-cta-link wp-block-button__link\" href=\"https:\/\/maps.app.goo.gl\/WLpi3XDaE9MyLauU8\" target=\"_blank\" rel=\"noopener noreferrer\"><span class=\"uagb-inline-editing\">Ver en Google Maps<\/span><\/a><\/div>\n<\/div>\n<\/div>\n<\/div>\n<\/div>\n\t\t\t<div \n\t\t\tclass=\"wp-block-uagb-google-map uagb-google-map__wrap uagb-block-6a26d3ad     \"\n\t\t\tstyle=\"\" >\n\t\t\t\t<embed\n\t\t\t\t\tclass=\"uagb-google-map__iframe\"\n\t\t\t\t\ttitle=\"Mapa de Google de\"\n\t\t\t\t\tsrc=\"https:\/\/maps.google.com\/maps?q=Fco.%20Eduardo%20Tres%20Guerras%20110%2C%20De%20Tequisquiapan%2C%20San%20Luis%20Potosi&z=15&hl=en&t=m&output=embed&iwloc=near\"\n\t\t\t\t\twidth=\"640\"\n\t\t\t\t\theight=\"300\"\n\t\t\t\t\tloading=\"lazy\"\n\t\t\t\t><\/embed>\n\t\t\t<\/div>\n\t\t\t\n<div class=\"wp-block-uagb-container uagb-block-1be0a10a alignfull uagb-is-root-container\">\n<div class=\"uagb-container-inner-blocks-wrap\">\n<div id=\"location\" class=\"wp-block-uagb-info-box uagb-block-9963006b uagb-infobox__content-wrap  uagb-infobox-icon-above-title uagb-infobox-image-valign-top\">\n<div class=\"uagb-ifb-content\">\n<div class=\"uagb-ifb-icon-wrap\">\u00a0<\/div>\n<div class=\"uagb-ifb-title-wrap\">\n<h2 class=\"uagb-ifb-title\">Ubicaci\u00f3n\u200b Cd. Valles, S.L.P.<\/h2>\n<\/div>\n<div class=\"uagb-ifb-separator\">\u00a0<\/div>\n<p class=\"uagb-ifb-desc\">Calle Ni\u00f1os H\u00e9roes #412, Col. Centro, Cd. Valles. S.L.P. C.P. 79000. Tel (481) 111-9439<\/p>\n<div class=\"uagb-ifb-button-wrapper wp-block-button\"><a class=\"uagb-infobox-cta-link wp-block-button__link\" href=\"https:\/\/maps.app.goo.gl\/sMZTiNTGxt73kmmz9\" target=\"_blank\" rel=\"noopener noreferrer\"><span class=\"uagb-inline-editing\">Ver en Google Maps<\/span><\/a><\/div>\n<\/div>\n<\/div>\n<\/div>\n<\/div>\n\t\t\t<div \n\t\t\tclass=\"wp-block-uagb-google-map uagb-google-map__wrap uagb-block-12783d41     \"\n\t\t\tstyle=\"\" >\n\t\t\t\t<embed\n\t\t\t\t\tclass=\"uagb-google-map__iframe\"\n\t\t\t\t\ttitle=\"Mapa de Google de\"\n\t\t\t\t\tsrc=\"https:\/\/maps.google.com\/maps?q=Ni%C3%B1os%20Heroes%20412%2C%20Zona%20Centro%2C%2079000%20Cd%20Valles%2C%20S.L.P.&z=15&hl=en&t=m&output=embed&iwloc=near\"\n\t\t\t\t\twidth=\"640\"\n\t\t\t\t\theight=\"300\"\n\t\t\t\t\tloading=\"lazy\"\n\t\t\t\t><\/embed>\n\t\t\t<\/div>\n\t\t\t\n<div class=\"wp-block-uagb-container uagb-block-78eb81b1 alignfull uagb-is-root-container\">\n<div class=\"uagb-container-inner-blocks-wrap\">\u00a0<\/div>\n<\/div>\n\t\t\t\t\t\t\t\t<\/div>\n\t\t\t\t<\/div>\n\t\t\t\t\t<\/div>\n\t\t\t\t<\/div>\n\t\t\t\t<\/div>\n\t\t","protected":false},"excerpt":{"rendered":"<p>Centro dermatol\u00f3gico con \u00a0 M\u00e1s de 15 a\u00f1os de experiencia. \u00a0 COFEPRIS 2524012002A00488 Especialistas en enfermedades de la piel\u200b \u00a0 Especialistas en el tratamiento de enfermedades de la piel, mucosas, pelo y u\u00f1as. Atenci\u00f3n a pacientes y agendar por llamada\u200b San Luis Potos\u00ed Horario de Lunes a viernes de 10:00 a 20:00 hrs. S\u00e1bados de [&hellip;]<\/p>\n","protected":false},"author":1,"featured_media":0,"parent":0,"menu_order":0,"comment_status":"closed","ping_status":"closed","template":"elementor_theme","meta":{"_uag_custom_page_level_css":"","site-sidebar-layout":"no-sidebar","site-content-layout":"plain-container","ast-site-content-layout":"normal-width-container","site-content-style":"unboxed","site-sidebar-style":"unboxed","ast-global-header-display":"","ast-banner-title-visibility":"","ast-main-header-display":"","ast-hfb-above-header-display":"","ast-hfb-below-header-display":"","ast-hfb-mobile-header-display":"","site-post-title":"disabled","ast-breadcrumbs-content":"","ast-featured-img":"disabled","footer-sml-layout":"","ast-disable-related-posts":"","theme-transparent-header-meta":"default","adv-header-id-meta":"","stick-header-meta":"","header-above-stick-meta":"","header-main-stick-meta":"","header-below-stick-meta":"","astra-migrate-meta-layouts":"set","ast-page-background-enabled":"default","ast-page-background-meta":{"desktop":{"background-color":"","background-image":"","background-repeat":"repeat","background-position":"center center","background-size":"auto","background-attachment":"scroll","background-type":"","background-media":"","overlay-type":"","overlay-color":"","overlay-opacity":"","overlay-gradient":""},"tablet":{"background-color":"","background-image":"","background-repeat":"repeat","background-position":"center center","background-size":"auto","background-attachment":"scroll","background-type":"","background-media":"","overlay-type":"","overlay-color":"","overlay-opacity":"","overlay-gradient":""},"mobile":{"background-color":"","background-image":"","background-repeat":"repeat","background-position":"center center","background-size":"auto","background-attachment":"scroll","background-type":"","background-media":"","overlay-type":"","overlay-color":"","overlay-opacity":"","overlay-gradient":""}},"ast-content-background-meta":{"desktop":{"background-color":"var(--ast-global-color-5)","background-image":"","background-repeat":"repeat","background-position":"center center","background-size":"auto","background-attachment":"scroll","background-type":"","background-media":"","overlay-type":"","overlay-color":"","overlay-opacity":"","overlay-gradient":""},"tablet":{"background-color":"var(--ast-global-color-5)","background-image":"","background-repeat":"repeat","background-position":"center center","background-size":"auto","background-attachment":"scroll","background-type":"","background-media":"","overlay-type":"","overlay-color":"","overlay-opacity":"","overlay-gradient":""},"mobile":{"background-color":"var(--ast-global-color-5)","background-image":"","background-repeat":"repeat","background-position":"center center","background-size":"auto","background-attachment":"scroll","background-type":"","background-media":"","overlay-type":"","overlay-color":"","overlay-opacity":"","overlay-gradient":""}},"_joinchat":[],"footnotes":""},"class_list":["post-409","page","type-page","status-publish","hentry"],"uagb_featured_image_src":{"full":false,"thumbnail":false,"medium":false,"medium_large":false,"large":false,"1536x1536":false,"2048x2048":false},"uagb_author_info":{"display_name":"admin","author_link":"https:\/\/www.distritoderma.com.mx\/index.php\/author\/d3rm4adm1n\/"},"uagb_comment_info":0,"uagb_excerpt":"Centro dermatol\u00f3gico con \u00a0 M\u00e1s de 15 a\u00f1os de experiencia. \u00a0 COFEPRIS 2524012002A00488 Especialistas en enfermedades de la piel\u200b \u00a0 Especialistas en el tratamiento de enfermedades de la piel, mucosas, pelo y u\u00f1as. Atenci\u00f3n a pacientes y agendar por llamada\u200b San Luis Potos\u00ed Horario de Lunes a viernes de 10:00 a 20:00 hrs. S\u00e1bados de&hellip;","_links":{"self":[{"href":"https:\/\/www.distritoderma.com.mx\/index.php\/wp-json\/wp\/v2\/pages\/409","targetHints":{"allow":["GET"]}}],"collection":[{"href":"https:\/\/www.distritoderma.com.mx\/index.php\/wp-json\/wp\/v2\/pages"}],"about":[{"href":"https:\/\/www.distritoderma.com.mx\/index.php\/wp-json\/wp\/v2\/types\/page"}],"author":[{"embeddable":true,"href":"https:\/\/www.distritoderma.com.mx\/index.php\/wp-json\/wp\/v2\/users\/1"}],"replies":[{"embeddable":true,"href":"https:\/\/www.distritoderma.com.mx\/index.php\/wp-json\/wp\/v2\/comments?post=409"}],"version-history":[{"count":63,"href":"https:\/\/www.distritoderma.com.mx\/index.php\/wp-json\/wp\/v2\/pages\/409\/revisions"}],"predecessor-version":[{"id":920,"href":"https:\/\/www.distritoderma.com.mx\/index.php\/wp-json\/wp\/v2\/pages\/409\/revisions\/920"}],"wp:attachment":[{"href":"https:\/\/www.distritoderma.com.mx\/index.php\/wp-json\/wp\/v2\/media?parent=409"}],"curies":[{"name":"wp","href":"https:\/\/api.w.org\/{rel}","templated":true}]}}